{"id":752,"date":"2022-02-06T16:38:54","date_gmt":"2022-02-06T16:38:54","guid":{"rendered":"https:\/\/www.levia-paris.fr\/?product=reviving-shampoo-argan-500ml"},"modified":"2022-02-07T10:46:16","modified_gmt":"2022-02-07T10:46:16","slug":"reviving-shampoo-argan-500ml","status":"publish","type":"product","link":"https:\/\/www.levia-paris.fr\/?product=reviving-shampoo-argan-500ml","title":{"rendered":"Reviving Shampoo Argan &#8211; 500ml"},"content":{"rendered":"<p>The Levia Hair Reviving Shampoo enhances softness and manageability while thoroughly cleaning your hair. Enriched with Bio Argan oil, this shampoo smooths the capillary fiber and infuses your hair with nutrients essential to its good health, thereby giving it shine and a healthier appearance. It revitalizes and strengthens the hair for ultimate hydration.<\/p>\n<p>INGREDIENTS : Aqua (water), Sodium C14-16 Olefin Sulfonate, Glycerin, Cocamidopropyl Betaine, Decyl Glucoside, Ricinus Communis (castor) Seed Oil, Argania Spinosa Kernel Oil, Parfum, Polyquaternium-10, Lactic Acid, Benzyl Alcohol, Peg-150 Distearate, Polyquaternium-7, Caprylyl Glycol, Sodium Hydroxide, Ethylhexylglycerin, Sodium Benzoate, Sodium Acetate, Sodium Chloride, Tocopherol.<\/p>\n<p>RECOMMENTATIONS FOR USE : Instructions for use: Wet your hair thoroughly, massage the scalp gently, lather and rinse well.<\/p>\n<p>VOLUME ml :500ml<\/p>\n<p>BARCODE : 3701120002000<\/p>\n<p>PAO : 24 mois<\/p>\n<p>PRODUCT WEIGHT : 560gr<\/p>\n<p>PRODUCT SIZE WITH PACKAGING :7 x 7 x 20 cm<\/p>\n<p>QTY PER CARTON : 12<\/p>\n","protected":false},"excerpt":{"rendered":"<p>Le shampooing r\u00e9parateur Levia augmente la douceur et la maniabilit\u00e9 tout en nettoyant en profondeur vos cheveux. Enrichi en huile d\u2019Argan Bio, ce shampooing lisse la fibre capillaire et impr\u00e8gne vos cheveux avec des nutriments essentiels \u00e0 leur bonne sant\u00e9, leur apportant ainsi une brillance et une apparence plus saine. Il revitalise et fortifie les cheveux pour une hydratation ultime.<\/p>\n","protected":false},"featured_media":885,"comment_status":"open","ping_status":"closed","template":"","meta":[],"product_cat":[126],"product_tag":[],"class_list":{"0":"post-752","1":"product","2":"type-product","3":"status-publish","4":"has-post-thumbnail","6":"product_cat-argan","8":"first","9":"instock","10":"shipping-taxable","11":"purchasable","12":"product-type-simple"},"_links":{"self":[{"href":"https:\/\/www.levia-paris.fr\/index.php?rest_route=\/wp\/v2\/product\/752","targetHints":{"allow":["GET"]}}],"collection":[{"href":"https:\/\/www.levia-paris.fr\/index.php?rest_route=\/wp\/v2\/product"}],"about":[{"href":"https:\/\/www.levia-paris.fr\/index.php?rest_route=\/wp\/v2\/types\/product"}],"replies":[{"embeddable":true,"href":"https:\/\/www.levia-paris.fr\/index.php?rest_route=%2Fwp%2Fv2%2Fcomments&post=752"}],"version-history":[{"count":1,"href":"https:\/\/www.levia-paris.fr\/index.php?rest_route=\/wp\/v2\/product\/752\/revisions"}],"predecessor-version":[{"id":888,"href":"https:\/\/www.levia-paris.fr\/index.php?rest_route=\/wp\/v2\/product\/752\/revisions\/888"}],"wp:featuredmedia":[{"embeddable":true,"href":"https:\/\/www.levia-paris.fr\/index.php?rest_route=\/wp\/v2\/media\/885"}],"wp:attachment":[{"href":"https:\/\/www.levia-paris.fr\/index.php?rest_route=%2Fwp%2Fv2%2Fmedia&parent=752"}],"wp:term":[{"taxonomy":"product_cat","embeddable":true,"href":"https:\/\/www.levia-paris.fr\/index.php?rest_route=%2Fwp%2Fv2%2Fproduct_cat&post=752"},{"taxonomy":"product_tag","embeddable":true,"href":"https:\/\/www.levia-paris.fr\/index.php?rest_route=%2Fwp%2Fv2%2Fproduct_tag&post=752"}],"curies":[{"name":"wp","href":"https:\/\/api.w.org\/{rel}","templated":true}]}}