{"id":753,"date":"2022-02-06T16:38:54","date_gmt":"2022-02-06T16:38:54","guid":{"rendered":"https:\/\/www.levia-paris.fr\/?product=reviving-hair-masque-argan-500ml"},"modified":"2024-01-10T16:09:13","modified_gmt":"2024-01-10T16:09:13","slug":"reviving-hair-masque-argan-500ml","status":"publish","type":"product","link":"https:\/\/www.levia-paris.fr\/?product=reviving-hair-masque-argan-500ml","title":{"rendered":"Reviving Hair Masque Argan &#8211; 500ml"},"content":{"rendered":"<p>The Levia Reviving Hair Masque contains Argan oil and silk proteins that restore vitality to your hair and make it smooth and silky. Contains essential vitamins and sweet almond oil thatimmediatelyhydrate and strengthen your hair, making it soft and bright. After applying the mask, your hair will be extremely shiny, easy to style, soft and silky to the touch.<\/p>\n<p>INGREDIENTS : Aqua (water),cetyl Alcohol, Stearyl Alcohol, Stearamidopropyl Dimethylamine, Glycerin, Isopropyl Myristate, Behentrimonium Chloride, Cetrimonium Chloride, Amodimethicone, Cetyl Stearate, Cetyl Palmitate, Dimethicone, Hydrolyzed Soy Protein, Rice Amino Acids, Hydrolyzed Adansonia Digitata Seed Extract, Proline, Argania Spinosa Kernel Oil, Fragrance, Quaternium-80, Isopropyl Alcohol, Benzyl Alcohol, Polyquaternium-10, Cetyl Myristate, Trideceth-12, Caprylyl Glycol, Ethylhexylglycerin, Propylene Glycol , Sodium Benzoate, Lactic Acid, Sodium Acetate, Sodium Chloride, Tocopherol.<\/p>\n<p>RECOMMENTATIONS FOR USE : Instructions for use: Apply the mask to damp hair, over the length and the ends. Wait 5 minutes and rinse thoroughly with water. Can be used up to 3 times a week.<\/p>\n<p>VOLUME ml :500ml<\/p>\n<p>BARCODE : 3701120002017<\/p>\n<p>PAO : 24 mois<\/p>\n<p>PRODUCT WEIGHT : 560gr<\/p>\n<p>PRODUCT SIZE WITH PACKAGING :9,5 x 9,5 x 10cm<\/p>\n<p>QTY PER CARTON : 24<\/p>\n","protected":false},"excerpt":{"rendered":"<p>Le masque nourrissant Levia pour les cheveux secs et ab\u00eem\u00e9s contient de l\u2019huile d\u2019Argan et des prot\u00e9ines de soie qui restaurent la vitalit\u00e9 de vos cheveux et les rendent lisses et soyeux. Il contient des vitamines essentielles et de l\u2019huile d\u2019amande douce qui hydratent et renforcent imm\u00e9diatement vos cheveux, leur apportant douceur et brillance. Apr\u00e8s avoir appliqu\u00e9 le masque, vos cheveux seront d\u2019une brillance extr\u00eame, faciles \u00e0 coiffer, doux et soyeux au toucher.<\/p>\n","protected":false},"featured_media":889,"comment_status":"open","ping_status":"closed","template":"","meta":[],"product_cat":[126],"product_tag":[],"class_list":{"0":"post-753","1":"product","2":"type-product","3":"status-publish","4":"has-post-thumbnail","6":"product_cat-argan","8":"first","9":"instock","10":"shipping-taxable","11":"purchasable","12":"product-type-simple"},"_links":{"self":[{"href":"https:\/\/www.levia-paris.fr\/index.php?rest_route=\/wp\/v2\/product\/753","targetHints":{"allow":["GET"]}}],"collection":[{"href":"https:\/\/www.levia-paris.fr\/index.php?rest_route=\/wp\/v2\/product"}],"about":[{"href":"https:\/\/www.levia-paris.fr\/index.php?rest_route=\/wp\/v2\/types\/product"}],"replies":[{"embeddable":true,"href":"https:\/\/www.levia-paris.fr\/index.php?rest_route=%2Fwp%2Fv2%2Fcomments&post=753"}],"version-history":[{"count":1,"href":"https:\/\/www.levia-paris.fr\/index.php?rest_route=\/wp\/v2\/product\/753\/revisions"}],"predecessor-version":[{"id":892,"href":"https:\/\/www.levia-paris.fr\/index.php?rest_route=\/wp\/v2\/product\/753\/revisions\/892"}],"wp:featuredmedia":[{"embeddable":true,"href":"https:\/\/www.levia-paris.fr\/index.php?rest_route=\/wp\/v2\/media\/889"}],"wp:attachment":[{"href":"https:\/\/www.levia-paris.fr\/index.php?rest_route=%2Fwp%2Fv2%2Fmedia&parent=753"}],"wp:term":[{"taxonomy":"product_cat","embeddable":true,"href":"https:\/\/www.levia-paris.fr\/index.php?rest_route=%2Fwp%2Fv2%2Fproduct_cat&post=753"},{"taxonomy":"product_tag","embeddable":true,"href":"https:\/\/www.levia-paris.fr\/index.php?rest_route=%2Fwp%2Fv2%2Fproduct_tag&post=753"}],"curies":[{"name":"wp","href":"https:\/\/api.w.org\/{rel}","templated":true}]}}