{"id":756,"date":"2022-02-06T16:38:54","date_gmt":"2022-02-06T16:38:54","guid":{"rendered":"https:\/\/www.levia-paris.fr\/?product=hydrating-hair-masque-macadamia-500ml"},"modified":"2022-02-07T10:41:43","modified_gmt":"2022-02-07T10:41:43","slug":"hydrating-hair-masque-macadamia-500ml","status":"publish","type":"product","link":"https:\/\/www.levia-paris.fr\/?product=hydrating-hair-masque-macadamia-500ml","title":{"rendered":"Hydrating Hair Masque Macadamia &#8211; 500ml"},"content":{"rendered":"<p>The Levia Hydrating Hair Masque is infused with the precious oils of Argan and Bio Macadamia nuts. It fights hair damage and breakage, maintains the hydration level in haircuticles, restorestired hair, improves its strength and restores the natural balance. Rich in nutrients, Argan oil is renowned worldwide for its strengthening and soothing properties due to polyphenols and antioxidant squalene, while Macadamia oil is rich in omega 3, 5 and 7 moisturizers and fatty acids. This winning combination results in a hair mask that provides the perfect solution for dry, damaged and dyed hair. Very nourishing, it penetrates easily and deeply, thereby providing essential elements and vitamins. This luxurious blend protects hair from roots to ends, therebypreventingbreakage or the appearance of split ends, providing an intense revitalizing effect, leaving the hair soft, silky, shiny and full of volume.<\/p>\n<p>INGREDIENTS : Aqua (water),cetyl Alcohol, Stearyl Alcohol, Stearamidopropyl Dimethylamine, Glycerin, Isopropyl Myristate, Behentrimonium Chloride, Cetrimonium Chloride, Amodimethicone, Cetyl Stearate, Cetyl Palmitate, Dimethicone, Hydrolyzed Soy Protein, Rice Amino Acids, Hydrolyzed Adansonia Digitata Seed Extract, Proline, Argania Spinosa Kernel Oil, MACADAMIA TERNIFOLIA SEED OIL, Fragrance, Quaternium-80, Isopropyl Alcohol, Benzyl Alcohol, Polyquaternium-10, Cetyl Myristate, Trideceth-12, Caprylyl Glycol, Ethylhexylglycerin, Propylene Glycol , Sodium Benzoate, Lactic Acid, Sodium Acetate, Sodium Chloride, Tocopherol.<\/p>\n<p>RECOMMENTATIONS FOR USE : Instructions for use: Apply the mask to damp hair, over the length and the ends. Wait 5 minutes and rinse thoroughly with water. Can be used up to 3 times a week.<\/p>\n<p>VOLUME ml :500ml<\/p>\n<p>BARCODE : 3701120002048<\/p>\n<p>PAO : 24 mois<\/p>\n<p>PRODUCT WEIGHT : 560gr<\/p>\n<p>PRODUCT SIZE WITH PACKAGING :9,5 x 9,5 x 10cm<\/p>\n<p>QTY PER CARTON : 24<\/p>\n","protected":false},"excerpt":{"rendered":"<p>Le masque ultra-nourrissant Levia \u00e0 l\u2019huile de Macadamia est infus\u00e9 avec les huiles pr\u00e9cieuses de noix d\u2019argan et de macadamia bio. Il combat les dommages et la casse des cheveux, maintient le taux d\u2019hydratation dans la cuticule du cheveu, restaure les cheveux fatigu\u00e9s, am\u00e9liore leur force et restaure l\u2019\u00e9quilibre naturel. Riche en \u00e9l\u00e9ments nutritifs, l\u2019huile d\u2019Argan est reconnue dans le monde entier pour ses vertus fortifiantes et apaisantes fournies par les polyph\u00e9nols et le squal\u00e8ne antioxydant, tandis que l\u2019huile de Macadamia est riche en hydratants om\u00e9ga 3, 5, 7 et acides gras. Cette combinaison gagnante se traduit par un masque capillaire qui fournit la solution parfaite pour les cheveux secs, ab\u00eem\u00e9s et color\u00e9s. Tr\u00e8s nourrissant, il p\u00e9n\u00e8tre facilement et profond\u00e9ment en apportant des \u00e9l\u00e9ments essentiels et des vitamines. Ce luxueux m\u00e9lange prot\u00e8ge les cheveux des racines aux pointes, ce qui emp\u00eache la casse ou l\u2019apparition de fourches, apporte un effet revitalisant intense, laissant les cheveux doux, soyeux, brillants et pleins de volume.<\/p>\n","protected":false},"featured_media":878,"comment_status":"open","ping_status":"closed","template":"","meta":[],"product_cat":[127],"product_tag":[],"class_list":{"0":"post-756","1":"product","2":"type-product","3":"status-publish","4":"has-post-thumbnail","6":"product_cat-macadamia","8":"first","9":"instock","10":"shipping-taxable","11":"purchasable","12":"product-type-simple"},"_links":{"self":[{"href":"https:\/\/www.levia-paris.fr\/index.php?rest_route=\/wp\/v2\/product\/756","targetHints":{"allow":["GET"]}}],"collection":[{"href":"https:\/\/www.levia-paris.fr\/index.php?rest_route=\/wp\/v2\/product"}],"about":[{"href":"https:\/\/www.levia-paris.fr\/index.php?rest_route=\/wp\/v2\/types\/product"}],"replies":[{"embeddable":true,"href":"https:\/\/www.levia-paris.fr\/index.php?rest_route=%2Fwp%2Fv2%2Fcomments&post=756"}],"version-history":[{"count":0,"href":"https:\/\/www.levia-paris.fr\/index.php?rest_route=\/wp\/v2\/product\/756\/revisions"}],"wp:featuredmedia":[{"embeddable":true,"href":"https:\/\/www.levia-paris.fr\/index.php?rest_route=\/wp\/v2\/media\/878"}],"wp:attachment":[{"href":"https:\/\/www.levia-paris.fr\/index.php?rest_route=%2Fwp%2Fv2%2Fmedia&parent=756"}],"wp:term":[{"taxonomy":"product_cat","embeddable":true,"href":"https:\/\/www.levia-paris.fr\/index.php?rest_route=%2Fwp%2Fv2%2Fproduct_cat&post=756"},{"taxonomy":"product_tag","embeddable":true,"href":"https:\/\/www.levia-paris.fr\/index.php?rest_route=%2Fwp%2Fv2%2Fproduct_tag&post=756"}],"curies":[{"name":"wp","href":"https:\/\/api.w.org\/{rel}","templated":true}]}}