{"id":757,"date":"2022-02-06T16:38:54","date_gmt":"2022-02-06T16:38:54","guid":{"rendered":"https:\/\/www.levia-paris.fr\/?product=hydrating-hair-serum-macadamia-100ml"},"modified":"2022-02-07T10:40:42","modified_gmt":"2022-02-07T10:40:42","slug":"hydrating-hair-serum-macadamia-100ml","status":"publish","type":"product","link":"https:\/\/www.levia-paris.fr\/?product=hydrating-hair-serum-macadamia-100ml","title":{"rendered":"Hydrating Hair Serum Macadamia &#8211; 100ml"},"content":{"rendered":"<p>The Levia Hydrating Hair Serum is infused with the precious oils of Argan and Bio Macadamia nuts. It maintains the hydration rate of haircuticle,enhances growth,strengthens the hair and increases its resistance against breakage. Rich in nutrients, Argan oil is renowned worldwide for its strengthening and soothing properties due to polyphenols and antioxidant squalene, while Macadamia oil is rich in omega 3, 5 and 7 moisturizers and fatty acids. This winning combination results in a serum perfect for hair that needs special nourishment. It is ideal for dry, tired, damaged hair and that has been weakened by dying, straightening or hair dryer use. The essential elements and vitamins contained in the serum are easily absorbed and penetrate deep into your hair. This luxurious blend protects hair from roots to ends, therebypreventingbreakage or the appearance of split ends, providing an intense revitalizing effect, leaving the hair soft, silky, shiny and full of volume.<\/p>\n<p>INGREDIENTS : Cyclopentasiloxane, Dimethicone, Fragrance, Hydrolyzed Keratin, Aloe Barbadensis Leaf Extract, MACADAMIA TERNIFOLIA SEED OIL, Argania Spinosa Kernel Oil, Hippophae Rhamnoides (sea Buckthorn) Oil, Simmondsia Chinensis (jojoba) Seed Oil, Linum Usitatissimum (linseed) Oil, Tocopheryl Acetate, Panthenol, Phenyl Trimethicone. RECOMMENTATIONS FOR USE : Instructions for use: Apply a small amount of serum to damp or dry hair. Spread well from the mid-length of the hair down, especially onto the ends. Blow dry, style and brush your hair as desired.<\/p>\n<p>VOLUME ml :100ml<\/p>\n<p>BARCODE : 3701120002055<\/p>\n<p>PAO : 24 mois<\/p>\n<p>PRODUCT WEIGHT : 280gr<\/p>\n<p>PRODUCT SIZE WITH PACKAGING :4,5 x 4,5 x 16 cm<\/p>\n<p>QTY PER CARTON : 28<\/p>\n","protected":false},"excerpt":{"rendered":"<p>Le s\u00e9rum reconstructeur et ultra-nourrissant Levia \u00e0 l\u2019huile de Macadamia est infus\u00e9 avec les huiles pr\u00e9cieuses de noix d\u2019argan et de macadamia Bio. Il maintient le taux d\u2019hydratation de la cuticule du cheveu, acc\u00e9l\u00e8re la pousse, renforce les cheveux et augmente leur r\u00e9sistance contre la casse. Riche en \u00e9l\u00e9ments nutritifs, l\u2019huile d\u2019Argan est reconnue dans le monde entier pour ses vertus fortifiantes et apaisantes fournies par les polyph\u00e9nols et le squal\u00e8ne antioxydant, tandis que l\u2019huile de Macadamia est riche en hydratants om\u00e9ga 3, 5, 7 et acides gras. Cette combinaison gagnante se traduit par un s\u00e9rum parfait pour les cheveux ayant besoin d\u2019une alimentation sp\u00e9ciale. Il convient id\u00e9alement aux cheveux secs, abim\u00e9s, endommag\u00e9s et fragilis\u00e9s par la coloration, le d\u00e9frisage ou le s\u00e8che-cheveux. Les \u00e9l\u00e9ments essentiels et les vitamines pr\u00e9sentes dans le s\u00e9rum sont facilement absorb\u00e9s et p\u00e9n\u00e8trent profond\u00e9ment dans votre chevelure. Ce luxueux m\u00e9lange prot\u00e8ge les cheveux des racines aux pointes, ce qui emp\u00eache la casse ou l\u2019apparition de fourches, apporte un effet revitalisant intense, laissant les cheveux doux, soyeux, brillants et pleins de volume.<\/p>\n","protected":false},"featured_media":875,"comment_status":"open","ping_status":"closed","template":"","meta":[],"product_cat":[127],"product_tag":[],"class_list":{"0":"post-757","1":"product","2":"type-product","3":"status-publish","4":"has-post-thumbnail","6":"product_cat-macadamia","8":"first","9":"instock","10":"shipping-taxable","11":"purchasable","12":"product-type-simple"},"_links":{"self":[{"href":"https:\/\/www.levia-paris.fr\/index.php?rest_route=\/wp\/v2\/product\/757","targetHints":{"allow":["GET"]}}],"collection":[{"href":"https:\/\/www.levia-paris.fr\/index.php?rest_route=\/wp\/v2\/product"}],"about":[{"href":"https:\/\/www.levia-paris.fr\/index.php?rest_route=\/wp\/v2\/types\/product"}],"replies":[{"embeddable":true,"href":"https:\/\/www.levia-paris.fr\/index.php?rest_route=%2Fwp%2Fv2%2Fcomments&post=757"}],"version-history":[{"count":0,"href":"https:\/\/www.levia-paris.fr\/index.php?rest_route=\/wp\/v2\/product\/757\/revisions"}],"wp:featuredmedia":[{"embeddable":true,"href":"https:\/\/www.levia-paris.fr\/index.php?rest_route=\/wp\/v2\/media\/875"}],"wp:attachment":[{"href":"https:\/\/www.levia-paris.fr\/index.php?rest_route=%2Fwp%2Fv2%2Fmedia&parent=757"}],"wp:term":[{"taxonomy":"product_cat","embeddable":true,"href":"https:\/\/www.levia-paris.fr\/index.php?rest_route=%2Fwp%2Fv2%2Fproduct_cat&post=757"},{"taxonomy":"product_tag","embeddable":true,"href":"https:\/\/www.levia-paris.fr\/index.php?rest_route=%2Fwp%2Fv2%2Fproduct_tag&post=757"}],"curies":[{"name":"wp","href":"https:\/\/api.w.org\/{rel}","templated":true}]}}