{"id":758,"date":"2022-02-06T16:38:54","date_gmt":"2022-02-06T16:38:54","guid":{"rendered":"https:\/\/www.levia-paris.fr\/?product=hydrating-leave-in-conditioner-macadamia-350ml"},"modified":"2022-02-07T10:39:41","modified_gmt":"2022-02-07T10:39:41","slug":"hydrating-leave-in-conditioner-macadamia-350ml","status":"publish","type":"product","link":"https:\/\/www.levia-paris.fr\/?product=hydrating-leave-in-conditioner-macadamia-350ml","title":{"rendered":"Hydrating Leave-In Conditioner Macadamia &#8211; 350ml"},"content":{"rendered":"<p>The Levia Hydrating Leave-In Conditioner is infused with the precious oils of Argan and Macadamia nuts. It was developed to penetrate every hairfollicleandinstantlyprovide hydration and shine, while protecting it from external damage.<br \/>\nRich in nutrients, Argan oil is renowned worldwide for its strengthening and soothing properties due to polyphenols and antioxidant squalene, while Macadamia oil is rich in omega 3, 5 and 7 moisturizers and fatty acids. This winning combination results in a no-rinse hydrating care cream for naturally dry hair or damaged by dying or heat. Easily absorbed and penetrating deep into the hair, the essential elements and vitamins protect and relieve your hair from roots to ends, improve manageability, elasticity and provide care and vitality. Your hair is soft, silky, shiny and full of volume.<\/p>\n<p>INGREDIENTS : Aqua (water), Isopropyl Myristate, Cetearyl Alcohol, Peg 20 Stearate, Polyquaternium 11, Dimethicone, Glycerin, Fragrance, Polyquaternium 7, Sodium Benzoate, Propylene Glycol, Sodium Dehydroacetate, Lanolin, Cocodimonium Chloride, Lactic Acid, Aloe Barbadensis Leaf Extract, MACADAMIA TERNIFOLIA SEED OIL, Argania Spinosa Kernel Oil, Phenylpropanol, Benzoic Acid, Dehydroacetic Acid, Isopentyldiol, Sodium Lauroyl Lactylate, Sodium Pca, Sodium Lactate, Fructose, Glycine, Niacinamide, Urea, Inositol.<\/p>\n<p>RECOMMENTATIONS FOR USE : Instructions for use: Pour a generous amount into the palm of your hand, massage gently and style as desired. May be used over damp or dry hair. Do not rinse. VOLUME ml :350ml BARCODE : 3701120002062<\/p>\n<p>PAO : 24 mois<\/p>\n<p>PRODUCT WEIGHT : 360gr<\/p>\n<p>PRODUCT SIZE WITH PACKAGING :6 x 6 x 19 cm<\/p>\n<p>QTY PER CARTON : 15<\/p>\n","protected":false},"excerpt":{"rendered":"<p>La cr\u00e8me de soin sans rin\u00e7age ultra hydratante Levia \u00e0 l\u2019huile de Macadamia pour les cheveux secs et abim\u00e9s est infus\u00e9e avec les huiles pr\u00e9cieuses de noix d\u2019argan et de macadamia. Elle est con\u00e7ue pour p\u00e9n\u00e9trer dans chaque follicule du cheveu et fournir instantan\u00e9ment hydratation et brillance, tout en le prot\u00e9geant contre les dommages externes.<br \/>\nRiche en \u00e9l\u00e9ments nutritifs, l\u2019huile d\u2019Argan est reconnue dans le monde entier pour ses vertus fortifiantes et apaisantes fournies par les polyph\u00e9nols et le squal\u00e8ne antioxydant, tandis que l\u2019huile de Macadamia est riche en hydratants om\u00e9ga 3, 5, 7 et acides gras. Cette combinaison gagnante se traduit par une cr\u00e8me de soin hydratante sans rin\u00e7age pour les cheveux naturellement secs ou abim\u00e9s par la coloration ou la chaleur. Facilement absorb\u00e9e et p\u00e9n\u00e9trant profond\u00e9ment dans le cheveu, les \u00e9l\u00e9ments essentiels et les vitamines prot\u00e8gent et soulagent vos cheveux des racines aux pointes, am\u00e9liorent la maniabilit\u00e9, l\u2019\u00e9lasticit\u00e9 et leur apportent soin et vitalit\u00e9. Vos cheveux sont doux, soyeux, brillants et pleins de volume.<\/p>\n","protected":false},"featured_media":871,"comment_status":"open","ping_status":"closed","template":"","meta":[],"product_cat":[127],"product_tag":[],"class_list":{"0":"post-758","1":"product","2":"type-product","3":"status-publish","4":"has-post-thumbnail","6":"product_cat-macadamia","8":"first","9":"instock","10":"shipping-taxable","11":"purchasable","12":"product-type-simple"},"_links":{"self":[{"href":"https:\/\/www.levia-paris.fr\/index.php?rest_route=\/wp\/v2\/product\/758","targetHints":{"allow":["GET"]}}],"collection":[{"href":"https:\/\/www.levia-paris.fr\/index.php?rest_route=\/wp\/v2\/product"}],"about":[{"href":"https:\/\/www.levia-paris.fr\/index.php?rest_route=\/wp\/v2\/types\/product"}],"replies":[{"embeddable":true,"href":"https:\/\/www.levia-paris.fr\/index.php?rest_route=%2Fwp%2Fv2%2Fcomments&post=758"}],"version-history":[{"count":1,"href":"https:\/\/www.levia-paris.fr\/index.php?rest_route=\/wp\/v2\/product\/758\/revisions"}],"predecessor-version":[{"id":872,"href":"https:\/\/www.levia-paris.fr\/index.php?rest_route=\/wp\/v2\/product\/758\/revisions\/872"}],"wp:featuredmedia":[{"embeddable":true,"href":"https:\/\/www.levia-paris.fr\/index.php?rest_route=\/wp\/v2\/media\/871"}],"wp:attachment":[{"href":"https:\/\/www.levia-paris.fr\/index.php?rest_route=%2Fwp%2Fv2%2Fmedia&parent=758"}],"wp:term":[{"taxonomy":"product_cat","embeddable":true,"href":"https:\/\/www.levia-paris.fr\/index.php?rest_route=%2Fwp%2Fv2%2Fproduct_cat&post=758"},{"taxonomy":"product_tag","embeddable":true,"href":"https:\/\/www.levia-paris.fr\/index.php?rest_route=%2Fwp%2Fv2%2Fproduct_tag&post=758"}],"curies":[{"name":"wp","href":"https:\/\/api.w.org\/{rel}","templated":true}]}}