{"id":759,"date":"2022-02-06T16:38:54","date_gmt":"2022-02-06T16:38:54","guid":{"rendered":"https:\/\/www.levia-paris.fr\/?product=strengthening-shampoo-keratin-500ml"},"modified":"2022-02-07T10:38:15","modified_gmt":"2022-02-07T10:38:15","slug":"strengthening-shampoo-keratin-500ml","status":"publish","type":"product","link":"https:\/\/www.levia-paris.fr\/?product=strengthening-shampoo-keratin-500ml","title":{"rendered":"Strengthening Shampoo Keratin &#8211; 500ml"},"content":{"rendered":"<p>The Levia Strengthening Shampoo was developed tointensely regeneratedamaged or chemically treated hair. Infused with keratin, an essential hair protein, this shampoo provides each fiber with a protective coating, it keeps hair cuticles from breakage,preventsand treats split ends. This unique formula, with no sodium chloride, contains an ultra-nourishing complex that durably smooths the hair cuticle, thereby enhancing elasticity and softness; your hair is smoother for a longer period; ideal care after various types of straightening. Your hair is healthy, silky and shiny.<\/p>\n<p>INGREDIENTS : Aqua (water), Sodium C14-16 Olefin Sulfonate, Glycerin, Cocamidopropyl Betaine, Decyl Glucoside, Ricinus Communis (castor) Seed Oil, Argania Spinosa Kernel Oil, Hydrolyzed Keratin, Parfum, Polyquaternium-10, Lactic Acid, Benzyl Alcohol, Peg-150 Distearate, Polyquaternium-7, Caprylyl Glycol, Sodium Hydroxide, Ethylhexylglycerin, Sodium Benzoate, Sodium Acetate, Sodium Chloride, Tocopherol.<\/p>\n<p>RECOMMENTATIONS FOR USE : Instructions for use: Wet your hair thoroughly, massage the scalp gently, lather and rinse well.<\/p>\n<p>VOLUME ml :500ml<\/p>\n<p>BARCODE : 3701120002079<\/p>\n<p>PAO : 24 mois<\/p>\n<p>PRODUCT WEIGHT : 560gr<\/p>\n<p>PRODUCT SIZE WITH PACKAGING :7 x 7 x 20 cm<\/p>\n<p>QTY PER CARTON : 12<\/p>\n","protected":false},"excerpt":{"rendered":"<p>Le shampooing \u00e0 la K\u00e9ratine Levia est con\u00e7u pour r\u00e9g\u00e9n\u00e9rer intens\u00e9ment les cheveux ab\u00eem\u00e9s ou chimiquement trait\u00e9s. Infus\u00e9 \u00e0 la k\u00e9ratine, prot\u00e9ine essentielle du cheveu, ce shampooing conf\u00e8re un rev\u00eatement protecteur pour chaque fibre, il conserve la cuticule du cheveu contre la casse, pr\u00e9vient et traite les pointes fourchues. Cette formule unique, sans chlorure de sodium, contient un complexe extra-nourrissant qui lisse durablement la cuticule du cheveu, ce qui augmente l\u2019\u00e9lasticit\u00e9 et la douceur ; Vos cheveux sont plus lisses plus longtemps ; Id\u00e9al comme entretien apr\u00e8s divers lissages. Vos cheveux sont sains, soyeux et brillants.<\/p>\n","protected":false},"featured_media":868,"comment_status":"open","ping_status":"closed","template":"","meta":[],"product_cat":[128],"product_tag":[],"class_list":{"0":"post-759","1":"product","2":"type-product","3":"status-publish","4":"has-post-thumbnail","6":"product_cat-keratin","8":"first","9":"instock","10":"shipping-taxable","11":"purchasable","12":"product-type-simple"},"_links":{"self":[{"href":"https:\/\/www.levia-paris.fr\/index.php?rest_route=\/wp\/v2\/product\/759","targetHints":{"allow":["GET"]}}],"collection":[{"href":"https:\/\/www.levia-paris.fr\/index.php?rest_route=\/wp\/v2\/product"}],"about":[{"href":"https:\/\/www.levia-paris.fr\/index.php?rest_route=\/wp\/v2\/types\/product"}],"replies":[{"embeddable":true,"href":"https:\/\/www.levia-paris.fr\/index.php?rest_route=%2Fwp%2Fv2%2Fcomments&post=759"}],"version-history":[{"count":0,"href":"https:\/\/www.levia-paris.fr\/index.php?rest_route=\/wp\/v2\/product\/759\/revisions"}],"wp:featuredmedia":[{"embeddable":true,"href":"https:\/\/www.levia-paris.fr\/index.php?rest_route=\/wp\/v2\/media\/868"}],"wp:attachment":[{"href":"https:\/\/www.levia-paris.fr\/index.php?rest_route=%2Fwp%2Fv2%2Fmedia&parent=759"}],"wp:term":[{"taxonomy":"product_cat","embeddable":true,"href":"https:\/\/www.levia-paris.fr\/index.php?rest_route=%2Fwp%2Fv2%2Fproduct_cat&post=759"},{"taxonomy":"product_tag","embeddable":true,"href":"https:\/\/www.levia-paris.fr\/index.php?rest_route=%2Fwp%2Fv2%2Fproduct_tag&post=759"}],"curies":[{"name":"wp","href":"https:\/\/api.w.org\/{rel}","templated":true}]}}