{"id":761,"date":"2022-02-06T16:38:54","date_gmt":"2022-02-06T16:38:54","guid":{"rendered":"https:\/\/www.levia-paris.fr\/?product=strengthening-hair-serum-keratin-100ml"},"modified":"2022-02-07T10:35:55","modified_gmt":"2022-02-07T10:35:55","slug":"strengthening-hair-serum-keratin-100ml","status":"publish","type":"product","link":"https:\/\/www.levia-paris.fr\/?product=strengthening-hair-serum-keratin-100ml","title":{"rendered":"Strengthening Hair Serum Keratin &#8211; 100ml"},"content":{"rendered":"<p>The Levia Strengthening Hair Serum strengthens and protects dry and damaged hair, while keeping it smooth and silky. Enriched with keratin, the hair essential protein, this serum provides a protective coating that renews the internal resistance of the hair. It contains a complex of essential nutrients, which strengthens the hair, makes it more flexible and protects it from daily environmental damage. The serumactiveingredients are appropriate for all types of hair; Ideal to keep your hair smooth, soft, silky, perfectly hydrated, frizz-free and incredibly soft.. INGREDIENTS : Cyclopentasiloxane, Dimethicone, Hydrolyzed Keratin, Fragrance, Aloe Barbadensis Leaf Extract, Argania Spinosa Kernel Oil, Hippophae Rhamnoides (sea Buckthorn) Oil, Macadamia Ternifolia Seed Oil, Simmondsia Chinensis (jojoba) Seed Oil, Linum Usitatissimum (linseed) Oil, Tocopheryl Acetate, Panthenol, Phenyl Trimethicone.<\/p>\n<p>RECOMMENTATIONS FOR USE : Instructions for use: Apply a small amount of serum to damp or dry hair. Spread well from the mid-length of the hair down, especially onto the ends. Blow dry, style and brush your hair as desired.<\/p>\n<p>VOLUME ml :100ml<\/p>\n<p>BARCODE : 3701120002093<\/p>\n<p>PAO : 24 mois PRODUCT WEIGHT : 280gr<\/p>\n<p>PRODUCT SIZE WITH PACKAGING :4,5 x 4,5 x 16 cm<\/p>\n<p>QTY PER CARTON : 28<\/p>\n","protected":false},"excerpt":{"rendered":"<p>Le s\u00e9rum \u00e0 la K\u00e9ratine Levia renforce et prot\u00e8ge les cheveux secs et abim\u00e9s, tout en les gardant lisses et soyeux. Enrichi en k\u00e9ratine, prot\u00e9ine principale du cheveu, ce s\u00e9rum apporte un rev\u00eatement protecteur qui renouvelle la r\u00e9sistance interne du cheveu. Il contient un complexe de nutriments essentiels qui renforce le cheveu, le rend plus souple et le prot\u00e8ge contre les dommages quotidiens de l\u2019environnement. Les ingr\u00e9dients actifs du s\u00e9rum s\u2019adaptent \u00e0 tous les types de cheveux ; Id\u00e9al pour garder vos cheveux lisses, doux, soyeux, parfaitement hydrat\u00e9s, sans frisottis et d\u2019une incroyable douceur.<\/p>\n","protected":false},"featured_media":862,"comment_status":"open","ping_status":"closed","template":"","meta":[],"product_cat":[128],"product_tag":[],"class_list":{"0":"post-761","1":"product","2":"type-product","3":"status-publish","4":"has-post-thumbnail","6":"product_cat-keratin","8":"first","9":"instock","10":"shipping-taxable","11":"purchasable","12":"product-type-simple"},"_links":{"self":[{"href":"https:\/\/www.levia-paris.fr\/index.php?rest_route=\/wp\/v2\/product\/761","targetHints":{"allow":["GET"]}}],"collection":[{"href":"https:\/\/www.levia-paris.fr\/index.php?rest_route=\/wp\/v2\/product"}],"about":[{"href":"https:\/\/www.levia-paris.fr\/index.php?rest_route=\/wp\/v2\/types\/product"}],"replies":[{"embeddable":true,"href":"https:\/\/www.levia-paris.fr\/index.php?rest_route=%2Fwp%2Fv2%2Fcomments&post=761"}],"version-history":[{"count":0,"href":"https:\/\/www.levia-paris.fr\/index.php?rest_route=\/wp\/v2\/product\/761\/revisions"}],"wp:featuredmedia":[{"embeddable":true,"href":"https:\/\/www.levia-paris.fr\/index.php?rest_route=\/wp\/v2\/media\/862"}],"wp:attachment":[{"href":"https:\/\/www.levia-paris.fr\/index.php?rest_route=%2Fwp%2Fv2%2Fmedia&parent=761"}],"wp:term":[{"taxonomy":"product_cat","embeddable":true,"href":"https:\/\/www.levia-paris.fr\/index.php?rest_route=%2Fwp%2Fv2%2Fproduct_cat&post=761"},{"taxonomy":"product_tag","embeddable":true,"href":"https:\/\/www.levia-paris.fr\/index.php?rest_route=%2Fwp%2Fv2%2Fproduct_tag&post=761"}],"curies":[{"name":"wp","href":"https:\/\/api.w.org\/{rel}","templated":true}]}}