{"id":765,"date":"2022-02-06T16:38:55","date_gmt":"2022-02-06T16:38:55","guid":{"rendered":"https:\/\/www.levia-paris.fr\/?product=restructuring-hair-serum-collagen-100ml"},"modified":"2023-05-16T16:26:16","modified_gmt":"2023-05-16T16:26:16","slug":"restructuring-hair-serum-collagen-100ml","status":"publish","type":"product","link":"https:\/\/www.levia-paris.fr\/?product=restructuring-hair-serum-collagen-100ml","title":{"rendered":"Restructuring Hair Serum Collagen &#8211; 100ml"},"content":{"rendered":"<p>The Levia Restructuring Hair Serum helps to strengthen and restore the weakest and most damaged hair. It provides extreme nutrients. Enriched with Bio Argan oil, it protects the hair against the hardships of daily life that affect hair quality, such as exposure to light, pollution, repeated dying or the frequent use of hair dryers. Argan oilpenetrates deeply into the hair follicles, strengthens them,thereby helping to prevent hair loss.This unique formula infused with collagendeeply restores the damaged structureof devitalized and tired hair; It provides the proteins necessary for the good health of the hair and thoroughly hydrates it.Collagen seals the hair cuticle,thereby gives it a beautiful luster. Easy to untangle, your hair is soft and silky.<\/p>\n<p>INGREDIENTS : Cyclopentasiloxane, Dimethicone, Fragrance, Hydrolyzed Keratin, Aloe Barbadensis Leaf Extract, Argania Spinosa Kernel Oil, Hippophae Rhamnoides (sea Buckthorn) Oil, Hydrolyzed Collagen, Macadamia Ternifolia Seed Oil, Simmondsia Chinensis (jojoba) Seed Oil, Linum Usitatissimum (linseed) Oil, Tocopheryl Acetate, Panthenol, Phenyl Trimethicone. RECOMMENTATIONS FOR USE : Instructions for use: Apply a small amount of serum to damp or dry hair. Spread well from the mid-length of the hair down, especially onto the ends. Blow dry, style and brush your hair as desired.<\/p>\n","protected":false},"excerpt":{"rendered":"<p>Le s\u00e9rum r\u00e9parateur Levia au collag\u00e8ne aide \u00e0 renforcer et \u00e0 restaurer les cheveux les plus faibles et abim\u00e9s. Il apporte des \u00e9l\u00e9ments nutritifs extr\u00eames. Enrichi en huile d\u2019argan bio, il prot\u00e8ge les cheveux contre les rigueurs de la vie quotidienne qui affectent la qualit\u00e9 des cheveux, telles que l\u2019exposition \u00e0 la lumi\u00e8re, la pollution, les colorations r\u00e9p\u00e9t\u00e9es ou l\u2019utilisation fr\u00e9quente du s\u00e8che-cheveux. L\u2019huile d\u2019Argan p\u00e9n\u00e8tre profond\u00e9ment dans les follicules du cheveu, les renforce et aide ainsi \u00e0 pr\u00e9venir la perte de cheveux. Cette formule unique impr\u00e9gn\u00e9e de collag\u00e8ne reconstruit profond\u00e9ment la structure endommag\u00e9e des cheveux d\u00e9vitalis\u00e9s et fatigu\u00e9s ; Il apporte les prot\u00e9ines n\u00e9cessaires \u00e0 la bonne sant\u00e9 du cheveu et les hydrate en profondeur. Le collag\u00e8ne scelle la cuticule des cheveux ce qui leur donne une belle brillance. Faciles \u00e0 d\u00e9m\u00ealer, vos cheveux sont doux et soyeux.<\/p>\n","protected":false},"featured_media":846,"comment_status":"open","ping_status":"closed","template":"","meta":[],"product_cat":[129],"product_tag":[],"class_list":{"0":"post-765","1":"product","2":"type-product","3":"status-publish","4":"has-post-thumbnail","6":"product_cat-collagen","8":"first","9":"instock","10":"shipping-taxable","11":"purchasable","12":"product-type-simple"},"_links":{"self":[{"href":"https:\/\/www.levia-paris.fr\/index.php?rest_route=\/wp\/v2\/product\/765","targetHints":{"allow":["GET"]}}],"collection":[{"href":"https:\/\/www.levia-paris.fr\/index.php?rest_route=\/wp\/v2\/product"}],"about":[{"href":"https:\/\/www.levia-paris.fr\/index.php?rest_route=\/wp\/v2\/types\/product"}],"replies":[{"embeddable":true,"href":"https:\/\/www.levia-paris.fr\/index.php?rest_route=%2Fwp%2Fv2%2Fcomments&post=765"}],"version-history":[{"count":2,"href":"https:\/\/www.levia-paris.fr\/index.php?rest_route=\/wp\/v2\/product\/765\/revisions"}],"predecessor-version":[{"id":1263,"href":"https:\/\/www.levia-paris.fr\/index.php?rest_route=\/wp\/v2\/product\/765\/revisions\/1263"}],"wp:featuredmedia":[{"embeddable":true,"href":"https:\/\/www.levia-paris.fr\/index.php?rest_route=\/wp\/v2\/media\/846"}],"wp:attachment":[{"href":"https:\/\/www.levia-paris.fr\/index.php?rest_route=%2Fwp%2Fv2%2Fmedia&parent=765"}],"wp:term":[{"taxonomy":"product_cat","embeddable":true,"href":"https:\/\/www.levia-paris.fr\/index.php?rest_route=%2Fwp%2Fv2%2Fproduct_cat&post=765"},{"taxonomy":"product_tag","embeddable":true,"href":"https:\/\/www.levia-paris.fr\/index.php?rest_route=%2Fwp%2Fv2%2Fproduct_tag&post=765"}],"curies":[{"name":"wp","href":"https:\/\/api.w.org\/{rel}","templated":true}]}}