{"id":767,"date":"2022-02-06T16:38:55","date_gmt":"2022-02-06T16:38:55","guid":{"rendered":"https:\/\/www.levia-paris.fr\/?product=deep-moisture-hair-masque-coco-500ml"},"modified":"2022-02-14T11:42:43","modified_gmt":"2022-02-14T11:42:43","slug":"deep-moisture-hair-masque-coco-500ml","status":"publish","type":"product","link":"https:\/\/www.levia-paris.fr\/?product=deep-moisture-hair-masque-coco-500ml","title":{"rendered":"Deep Moisture Hair Masque Coco &#8211; 500ml"},"content":{"rendered":"<p>The Levia Deep Moisture Hair Masque is enriched with valuable biological elements such as Argan and coconut oils. It hydrates and nourishes the hair with vitamins and minerals torestoreand durably strengthen hair fibers. This maskis a stimulant that promotes growth and helps growth,protects against dandruff, andpreventsbreakage and split ends. From the first application, your hair is exceptionally shiny, easy to style and intensely soft.<\/p>\n<p>INGREDIENTS : Aqua (water),cetyl Alcohol, Stearyl Alcohol, Stearamidopropyl Dimethylamine, Glycerin, Isopropyl Myristate, Behentrimonium Chloride, Cetrimonium Chloride, Amodimethicone, Cetyl Stearate, Cetyl Palmitate, Dimethicone, Hydrogenated Coconut Oil, Hydrolyzed Soy Protein, Rice Amino Acids, Hydrolyzed Adansonia Digitata Seed Extract, Proline, Argania Spinosa Kernel Oil, Fragrance, Quaternium-80, Isopropyl Alcohol, Benzyl Alcohol, Polyquaternium-10, Cetyl Myristate, Trideceth-12, Caprylyl Glycol, Ethylhexylglycerin, Propylene Glycol , Sodium Benzoate, Lactic Acid, Sodium Acetate, Sodium Chloride, Tocopherol.<\/p>\n<p>RECOMMENTATIONS FOR USE : Instructions for use: Apply the mask to damp hair, over the length and the ends. Wait 5 minutes and rinse thoroughly with water. Can be used up to 3 times a week.<\/p>\n<p>&nbsp;<\/p>\n","protected":false},"excerpt":{"rendered":"<p>Le masque fortifiant Levia \u00e0 l\u2019huile de noix de Coco est enrichi en pr\u00e9cieux \u00e9l\u00e9ments biologiques tels que l\u2019huile d\u2019Argan et de noix de coco. Il hydrate et nourrit les cheveux avec des vitamines et min\u00e9raux pour reconstituer et fortifier durablement la fibre du cheveu. Ce masque est un stimulant qui favorise la croissance et aide \u00e0 la pousse, prot\u00e8ge des pellicules, et emp\u00eache la casse et les pointes fourchues. D\u00e8s la premi\u00e8re application, vos cheveux sont d\u2019une brillance exceptionnelle, faciles \u00e0 coiffer et d\u2019une douceur intense.<\/p>\n","protected":false},"featured_media":819,"comment_status":"open","ping_status":"closed","template":"","meta":[],"product_cat":[130],"product_tag":[],"class_list":{"0":"post-767","1":"product","2":"type-product","3":"status-publish","4":"has-post-thumbnail","6":"product_cat-coco","8":"first","9":"instock","10":"shipping-taxable","11":"purchasable","12":"product-type-simple"},"_links":{"self":[{"href":"https:\/\/www.levia-paris.fr\/index.php?rest_route=\/wp\/v2\/product\/767","targetHints":{"allow":["GET"]}}],"collection":[{"href":"https:\/\/www.levia-paris.fr\/index.php?rest_route=\/wp\/v2\/product"}],"about":[{"href":"https:\/\/www.levia-paris.fr\/index.php?rest_route=\/wp\/v2\/types\/product"}],"replies":[{"embeddable":true,"href":"https:\/\/www.levia-paris.fr\/index.php?rest_route=%2Fwp%2Fv2%2Fcomments&post=767"}],"version-history":[{"count":3,"href":"https:\/\/www.levia-paris.fr\/index.php?rest_route=\/wp\/v2\/product\/767\/revisions"}],"predecessor-version":[{"id":1261,"href":"https:\/\/www.levia-paris.fr\/index.php?rest_route=\/wp\/v2\/product\/767\/revisions\/1261"}],"wp:featuredmedia":[{"embeddable":true,"href":"https:\/\/www.levia-paris.fr\/index.php?rest_route=\/wp\/v2\/media\/819"}],"wp:attachment":[{"href":"https:\/\/www.levia-paris.fr\/index.php?rest_route=%2Fwp%2Fv2%2Fmedia&parent=767"}],"wp:term":[{"taxonomy":"product_cat","embeddable":true,"href":"https:\/\/www.levia-paris.fr\/index.php?rest_route=%2Fwp%2Fv2%2Fproduct_cat&post=767"},{"taxonomy":"product_tag","embeddable":true,"href":"https:\/\/www.levia-paris.fr\/index.php?rest_route=%2Fwp%2Fv2%2Fproduct_tag&post=767"}],"curies":[{"name":"wp","href":"https:\/\/api.w.org\/{rel}","templated":true}]}}