{"id":768,"date":"2022-02-06T16:38:55","date_gmt":"2022-02-06T16:38:55","guid":{"rendered":"https:\/\/www.levia-paris.fr\/?product=deep-moisture-hair-serum-coco-100ml"},"modified":"2022-02-14T11:42:16","modified_gmt":"2022-02-14T11:42:16","slug":"deep-moisture-hair-serum-coco-100ml","status":"publish","type":"product","link":"https:\/\/www.levia-paris.fr\/?product=deep-moisture-hair-serum-coco-100ml","title":{"rendered":"Deep Moisture Hair Serum Coco &#8211; 100ml"},"content":{"rendered":"<p>The Levia Deep Moisture Hair Serum strengthens and protects your hair, helping to keep roots andfollicles healthy. Enriched with Argan and coconut oils, this serum maintains the cuticle hydration level, helps growth and strengthens the hair, thereby increasing its resistance against breakage. Its unique formulation improves the manageability of your hair and gives it a healthy and beautiful appearance. Your hair is silky, shiny and full of volume.<\/p>\n<p>INGREDIENTS : Cyclopentasiloxane, Dimethicone, Fragrance, Hydrolyzed Keratin, Aloe Barbadensis Leaf Extract, Argania Spinosa Kernel Oil, Hippophae Rhamnoides (sea Buckthorn) Oil, Macadamia Ternifolia Seed Oil, Hydrogenated Coconut Oil, Simmondsia Chinensis (jojoba) Seed Oil, Linum Usitatissimum (linseed) Oil, Tocopheryl Acetate, Panthenol, Phenyl Trimethicone. RECOMMENTATIONS FOR USE : Instructions for use: Apply a small amount of serum to damp or dry hair. Spread well from the mid-length of the hair down, especially onto the ends. Blow dry, style and brush your hair as desired.<\/p>\n<p>&nbsp;<\/p>\n","protected":false},"excerpt":{"rendered":"<p>Le s\u00e9rum ultra-nourrissant Levia \u00e0 l\u2019huile de noix de Coco renforce et prot\u00e8ge vos cheveux, aide \u00e0 garder les racines et follicules sains. Enrichi en huiles d\u2019Argan et de noix de coco, ce s\u00e9rum maintient le taux d\u2019hydratation des cuticules, aide \u00e0 la pousse et fortifie les cheveux en augmentant leur r\u00e9sistance contre la casse. Sa formulation unique am\u00e9liore la maniabilit\u00e9 de vos cheveux et leur apporte une apparence saine et belle. Vos cheveux sont soyeux, brillants et pleins de volume.<\/p>\n","protected":false},"featured_media":840,"comment_status":"open","ping_status":"closed","template":"","meta":[],"product_cat":[130],"product_tag":[],"class_list":{"0":"post-768","1":"product","2":"type-product","3":"status-publish","4":"has-post-thumbnail","6":"product_cat-coco","8":"first","9":"instock","10":"shipping-taxable","11":"purchasable","12":"product-type-simple"},"_links":{"self":[{"href":"https:\/\/www.levia-paris.fr\/index.php?rest_route=\/wp\/v2\/product\/768","targetHints":{"allow":["GET"]}}],"collection":[{"href":"https:\/\/www.levia-paris.fr\/index.php?rest_route=\/wp\/v2\/product"}],"about":[{"href":"https:\/\/www.levia-paris.fr\/index.php?rest_route=\/wp\/v2\/types\/product"}],"replies":[{"embeddable":true,"href":"https:\/\/www.levia-paris.fr\/index.php?rest_route=%2Fwp%2Fv2%2Fcomments&post=768"}],"version-history":[{"count":2,"href":"https:\/\/www.levia-paris.fr\/index.php?rest_route=\/wp\/v2\/product\/768\/revisions"}],"predecessor-version":[{"id":1259,"href":"https:\/\/www.levia-paris.fr\/index.php?rest_route=\/wp\/v2\/product\/768\/revisions\/1259"}],"wp:featuredmedia":[{"embeddable":true,"href":"https:\/\/www.levia-paris.fr\/index.php?rest_route=\/wp\/v2\/media\/840"}],"wp:attachment":[{"href":"https:\/\/www.levia-paris.fr\/index.php?rest_route=%2Fwp%2Fv2%2Fmedia&parent=768"}],"wp:term":[{"taxonomy":"product_cat","embeddable":true,"href":"https:\/\/www.levia-paris.fr\/index.php?rest_route=%2Fwp%2Fv2%2Fproduct_cat&post=768"},{"taxonomy":"product_tag","embeddable":true,"href":"https:\/\/www.levia-paris.fr\/index.php?rest_route=%2Fwp%2Fv2%2Fproduct_tag&post=768"}],"curies":[{"name":"wp","href":"https:\/\/api.w.org\/{rel}","templated":true}]}}