{"id":770,"date":"2022-02-06T16:38:55","date_gmt":"2022-02-06T16:38:55","guid":{"rendered":"https:\/\/www.levia-paris.fr\/?product=fortifying-shampoo-castor-500ml"},"modified":"2022-02-14T11:41:19","modified_gmt":"2022-02-14T11:41:19","slug":"fortifying-shampoo-castor-500ml","status":"publish","type":"product","link":"https:\/\/www.levia-paris.fr\/?product=fortifying-shampoo-castor-500ml","title":{"rendered":"Fortifying Shampoo Castor &#8211; 500ml"},"content":{"rendered":"<p>The Levia Fortifying Shampoo gently cleanses and hydrates the hair. Its unique formula contains Castor oil, Vitamin E and Argan oil to help fight gaps and breakage of usually dry and damaged hair. Castor oilenhances blood circulation in the capillary follicles, thereby promoting faster growth of the hair. It also smooths the scalp. The combination of these two vegetable oilspromotes growthby nourishing and strengthening damaged or chemically treated hair. This shampoo is perfect for people who regularly dye their hair or frequently use styling products as well as the straightening iron. Your hair is visibly stronger, shiny and delicately scented.<\/p>\n<p>INGREDIENTS : Aqua (water), Sodium C14-16 Olefin Sulfonate, Glycerin, Cocamidopropyl Betaine, Decyl Glucoside, Ricinus Communis (castor) Seed Oil, Parfum, Polyquaternium-10, Lactic Acid, Benzyl Alcohol, Peg-150 Distearate, Polyquaternium-7, Caprylyl Glycol, Sodium Hydroxide, Ethylhexylglycerin, Sodium Benzoate, Sodium Acetate, Sodium Chloride, Tocopherol. RECOMMENTATIONS FOR USE : Instructions for use: Wet your hair thoroughly, massage the scalp gently, lather and rinse well.<\/p>\n<p>&nbsp;<\/p>\n","protected":false},"excerpt":{"rendered":"<p>Le shampooing acc\u00e9l\u00e9rateur de croissance \u00e0 l\u2019huile de Ricin Bio Levia nettoie et hydrate les cheveux en douceur. Sa formule unique contient de l\u2019huile de Ricin, de la vitamine E et de l\u2019huile d\u2019Argan pour lutter contre les br\u00e8ches et la casse des cheveux, g\u00e9n\u00e9ralement secs et abim\u00e9s. L\u2019huile de Ricin am\u00e9liore la circulation sanguine des follicules pileux et favorise ainsi une croissance plus rapide du cheveu. Elle est \u00e9galement apaisante pour le cuir chevelu. La combinaison de ces deux huiles v\u00e9g\u00e9tales favorise la croissance en nourrissant et en renfor\u00e7ant les cheveux endommag\u00e9s ou chimiquement trait\u00e9s. Ce shampooing est parfait pour les personnes qui colorent r\u00e9guli\u00e8rement leurs cheveux ou utilisent fr\u00e9quemment des produits coiffants ainsi que le fer \u00e0 lisser. Vos cheveux sont visiblement plus forts, brillants et d\u00e9licatement parfum\u00e9s.<\/p>\n","protected":false},"featured_media":833,"comment_status":"open","ping_status":"closed","template":"","meta":[],"product_cat":[131],"product_tag":[],"class_list":{"0":"post-770","1":"product","2":"type-product","3":"status-publish","4":"has-post-thumbnail","6":"product_cat-ricin","8":"first","9":"instock","10":"shipping-taxable","11":"purchasable","12":"product-type-simple"},"_links":{"self":[{"href":"https:\/\/www.levia-paris.fr\/index.php?rest_route=\/wp\/v2\/product\/770","targetHints":{"allow":["GET"]}}],"collection":[{"href":"https:\/\/www.levia-paris.fr\/index.php?rest_route=\/wp\/v2\/product"}],"about":[{"href":"https:\/\/www.levia-paris.fr\/index.php?rest_route=\/wp\/v2\/types\/product"}],"replies":[{"embeddable":true,"href":"https:\/\/www.levia-paris.fr\/index.php?rest_route=%2Fwp%2Fv2%2Fcomments&post=770"}],"version-history":[{"count":3,"href":"https:\/\/www.levia-paris.fr\/index.php?rest_route=\/wp\/v2\/product\/770\/revisions"}],"predecessor-version":[{"id":1256,"href":"https:\/\/www.levia-paris.fr\/index.php?rest_route=\/wp\/v2\/product\/770\/revisions\/1256"}],"wp:featuredmedia":[{"embeddable":true,"href":"https:\/\/www.levia-paris.fr\/index.php?rest_route=\/wp\/v2\/media\/833"}],"wp:attachment":[{"href":"https:\/\/www.levia-paris.fr\/index.php?rest_route=%2Fwp%2Fv2%2Fmedia&parent=770"}],"wp:term":[{"taxonomy":"product_cat","embeddable":true,"href":"https:\/\/www.levia-paris.fr\/index.php?rest_route=%2Fwp%2Fv2%2Fproduct_cat&post=770"},{"taxonomy":"product_tag","embeddable":true,"href":"https:\/\/www.levia-paris.fr\/index.php?rest_route=%2Fwp%2Fv2%2Fproduct_tag&post=770"}],"curies":[{"name":"wp","href":"https:\/\/api.w.org\/{rel}","templated":true}]}}