{"id":771,"date":"2022-02-06T16:38:55","date_gmt":"2022-02-06T16:38:55","guid":{"rendered":"https:\/\/www.levia-paris.fr\/?product=fortifying-hair-masque-castor-500ml"},"modified":"2022-02-14T11:40:55","modified_gmt":"2022-02-14T11:40:55","slug":"fortifying-hair-masque-castor-500ml","status":"publish","type":"product","link":"https:\/\/www.levia-paris.fr\/?product=fortifying-hair-masque-castor-500ml","title":{"rendered":"Fortifying Hair Masque Castor &#8211; 500ml"},"content":{"rendered":"<p>The Levia Fortifying Hair Masque is ultra-nourishing, it contains Argan oil and Castor oil which deeply hydrate and treatcapillary cuticlesand scalp; itstrengthens and rebuilds hair fiberof sensitized hair and fights breakage and gaps in damaged hair. Castor oil contains fatty acids and omega 6 and 9, whichpromote new growth, stimulate growthand strengthen the hair. This mask improves the hair manageability and elasticity, itstimulates the scalp for faster growthand restores the natural hair balance. Your hair is silky, shiny and full of volume.<\/p>\n<p>INGREDIENTS : Aqua (water),cetyl Alcohol, Stearyl Alcohol, Stearamidopropyl Dimethylamine, Glycerin, Isopropyl Myristate, Behentrimonium Chloride, Cetrimonium Chloride, Amodimethicone, Cetyl Stearate, Cetyl Palmitate, Dimethicone, Hydrolyzed Soy Protein, Rice Amino Acids, Hydrolyzed Adansonia Digitata Seed Extract, Proline, Ricinus Communis (castor) Seed Oil, Argania Spinosa Kernel Oil, Fragrance, Quaternium-80, Isopropyl Alcohol, Benzyl Alcohol, Polyquaternium-10, Cetyl Myristate, Trideceth-12, Caprylyl Glycol, Ethylhexylglycerin, Propylene Glycol , Sodium Benzoate, Lactic Acid, Sodium Acetate, Sodium Chloride, Tocopherol.<\/p>\n<p>RECOMMENTATIONS FOR USE : Instructions for use: Apply the mask to damp hair, over the length and the ends. Wait 5 minutes and rinse thoroughly with water. Can be used up to 3 times a week.<\/p>\n<p>&nbsp;<\/p>\n","protected":false},"excerpt":{"rendered":"<p>Le masque renfor\u00e7ateur Levia \u00e0 l\u2019huile de Ricin Bio est ultra-nourrissant, il contient de l\u2019huile d&#8217;Argan et de l\u2019huile de Ricin qui hydratent et traitent la cuticule du cheveu et le cuir chevelu en profondeur ; Il renforce et reconstruit la fibre capillaire des cheveux sensibilis\u00e9s et lutte contre la casse et les br\u00e8ches des cheveux ab\u00eem\u00e9s. L&#8217;huile de ricin contient des acides gras et des om\u00e9gas 6 et 9, qui favorisent la croissance saine des cheveux, stimulent leur pousse, les renforcent et les \u00e9paississent. Ce masque am\u00e9liore la maniabilit\u00e9 et l&#8217;\u00e9lasticit\u00e9 des cheveux, il stimule le cuir chevelu pour une croissance plus rapide et r\u00e9tablit l&#8217;\u00e9quilibre naturel du cheveu. Vos cheveux sont soyeux, brillants et en pleine sant\u00e9.<\/p>\n","protected":false},"featured_media":829,"comment_status":"open","ping_status":"closed","template":"","meta":[],"product_cat":[131],"product_tag":[],"class_list":{"0":"post-771","1":"product","2":"type-product","3":"status-publish","4":"has-post-thumbnail","6":"product_cat-ricin","8":"first","9":"instock","10":"shipping-taxable","11":"purchasable","12":"product-type-simple"},"_links":{"self":[{"href":"https:\/\/www.levia-paris.fr\/index.php?rest_route=\/wp\/v2\/product\/771","targetHints":{"allow":["GET"]}}],"collection":[{"href":"https:\/\/www.levia-paris.fr\/index.php?rest_route=\/wp\/v2\/product"}],"about":[{"href":"https:\/\/www.levia-paris.fr\/index.php?rest_route=\/wp\/v2\/types\/product"}],"replies":[{"embeddable":true,"href":"https:\/\/www.levia-paris.fr\/index.php?rest_route=%2Fwp%2Fv2%2Fcomments&post=771"}],"version-history":[{"count":2,"href":"https:\/\/www.levia-paris.fr\/index.php?rest_route=\/wp\/v2\/product\/771\/revisions"}],"predecessor-version":[{"id":1254,"href":"https:\/\/www.levia-paris.fr\/index.php?rest_route=\/wp\/v2\/product\/771\/revisions\/1254"}],"wp:featuredmedia":[{"embeddable":true,"href":"https:\/\/www.levia-paris.fr\/index.php?rest_route=\/wp\/v2\/media\/829"}],"wp:attachment":[{"href":"https:\/\/www.levia-paris.fr\/index.php?rest_route=%2Fwp%2Fv2%2Fmedia&parent=771"}],"wp:term":[{"taxonomy":"product_cat","embeddable":true,"href":"https:\/\/www.levia-paris.fr\/index.php?rest_route=%2Fwp%2Fv2%2Fproduct_cat&post=771"},{"taxonomy":"product_tag","embeddable":true,"href":"https:\/\/www.levia-paris.fr\/index.php?rest_route=%2Fwp%2Fv2%2Fproduct_tag&post=771"}],"curies":[{"name":"wp","href":"https:\/\/api.w.org\/{rel}","templated":true}]}}