{"id":772,"date":"2022-02-06T16:38:55","date_gmt":"2022-02-06T16:38:55","guid":{"rendered":"https:\/\/www.levia-paris.fr\/?product=fortifying-hair-serum-castor-oil-100ml"},"modified":"2022-02-14T11:40:13","modified_gmt":"2022-02-14T11:40:13","slug":"fortifying-hair-serum-castor-oil-100ml","status":"publish","type":"product","link":"https:\/\/www.levia-paris.fr\/?product=fortifying-hair-serum-castor-oil-100ml","title":{"rendered":"Fortifying Hair Serum Castor Oil &#8211; 100ml"},"content":{"rendered":"<p>The Levia Fortifying Hair Serum helps to strengthen and restore dry, weakened and damaged hair. It provides extreme nutrients. Enriched with Bio Argan oil, it protects the hair against the hardships of daily life that affect hair quality, such as exposure to light, pollution, repeated dying or the frequent use of hair dryers. Castor oil contains fatty acids and omega 6 and 9, whichpromote new growth, stimulate growth,strengthen the hair and thicken it naturally. This winning combination of Bio oils, essential elements and vitamins is easily absorbed and penetrates deeply into the hair, leaving it soft, shiny and full of vitality.<\/p>\n<p>INGREDIENTS : Cyclopentasiloxane, Dimethicone, Fragrance, Hydrolyzed Keratin, Aloe Barbadensis Leaf Extract, Ricinus Communis (castor) Seed Oil, Argania Spinosa Kernel Oil, Hippophae Rhamnoides (sea Buckthorn) Oil, Macadamia Ternifolia Seed Oil, Simmondsia Chinensis (jojoba) Seed Oil, Linum Usitatissimum (linseed) Oil, Tocopheryl Acetate, Panthenol, Phenyl Trimethicone.<\/p>\n<p>RECOMMENTATIONS FOR USE : Instructions for use: Apply a small amount of serum to damp or dry hair. Spread well from the mid-length of the hair down, especially onto the ends. Blow dry, style and brush your hair as desired.<\/p>\n<p>&nbsp;<\/p>\n","protected":false},"excerpt":{"rendered":"<p>Le s\u00e9rum protecteur Levia \u00e0 l\u2019huile de Ricin Bio aide \u00e0 renforcer et \u00e0 restaurer les cheveux secs, fragilis\u00e9s et ab\u00eem\u00e9s. Il apporte des \u00e9l\u00e9ments nutritifs extr\u00eames. Enrichi en huile d\u2019Argan bio, il prot\u00e8ge les cheveux contre les rigueurs de la vie quotidienne qui affectent la qualit\u00e9 des cheveux, telles que l\u2019exposition \u00e0 la lumi\u00e8re, la pollution, les colorations r\u00e9p\u00e9t\u00e9es ou l\u2019utilisation fr\u00e9quente du s\u00e8che-cheveux. L&#8217;huile de ricin contient des acides gras et des om\u00e9gas 6 et 9, qui favorisent la nouvelle croissance des cheveux, stimulent leur pousse, les renforcent et les \u00e9paississent naturellement. Cette combinaison gagnante d&#8217;huiles bio, d&#8217;\u00e9l\u00e9ments essentiels et de vitamines est facilement absorb\u00e9e et p\u00e9n\u00e8tre profond\u00e9ment dans les cheveux, les laissant doux, brillants et pleins de vitalit\u00e9.<\/p>\n","protected":false},"featured_media":825,"comment_status":"open","ping_status":"closed","template":"","meta":[],"product_cat":[131],"product_tag":[],"class_list":{"0":"post-772","1":"product","2":"type-product","3":"status-publish","4":"has-post-thumbnail","6":"product_cat-ricin","8":"first","9":"instock","10":"shipping-taxable","11":"purchasable","12":"product-type-simple"},"_links":{"self":[{"href":"https:\/\/www.levia-paris.fr\/index.php?rest_route=\/wp\/v2\/product\/772","targetHints":{"allow":["GET"]}}],"collection":[{"href":"https:\/\/www.levia-paris.fr\/index.php?rest_route=\/wp\/v2\/product"}],"about":[{"href":"https:\/\/www.levia-paris.fr\/index.php?rest_route=\/wp\/v2\/types\/product"}],"replies":[{"embeddable":true,"href":"https:\/\/www.levia-paris.fr\/index.php?rest_route=%2Fwp%2Fv2%2Fcomments&post=772"}],"version-history":[{"count":3,"href":"https:\/\/www.levia-paris.fr\/index.php?rest_route=\/wp\/v2\/product\/772\/revisions"}],"predecessor-version":[{"id":1253,"href":"https:\/\/www.levia-paris.fr\/index.php?rest_route=\/wp\/v2\/product\/772\/revisions\/1253"}],"wp:featuredmedia":[{"embeddable":true,"href":"https:\/\/www.levia-paris.fr\/index.php?rest_route=\/wp\/v2\/media\/825"}],"wp:attachment":[{"href":"https:\/\/www.levia-paris.fr\/index.php?rest_route=%2Fwp%2Fv2%2Fmedia&parent=772"}],"wp:term":[{"taxonomy":"product_cat","embeddable":true,"href":"https:\/\/www.levia-paris.fr\/index.php?rest_route=%2Fwp%2Fv2%2Fproduct_cat&post=772"},{"taxonomy":"product_tag","embeddable":true,"href":"https:\/\/www.levia-paris.fr\/index.php?rest_route=%2Fwp%2Fv2%2Fproduct_tag&post=772"}],"curies":[{"name":"wp","href":"https:\/\/api.w.org\/{rel}","templated":true}]}}