{"id":773,"date":"2022-02-06T16:38:55","date_gmt":"2022-02-06T16:38:55","guid":{"rendered":"https:\/\/www.levia-paris.fr\/?product=fortifying-leave-in-conditioner-castor-350ml"},"modified":"2022-02-14T11:45:13","modified_gmt":"2022-02-14T11:45:13","slug":"fortifying-leave-in-conditioner-castor-350ml","status":"publish","type":"product","link":"https:\/\/www.levia-paris.fr\/?product=fortifying-leave-in-conditioner-castor-350ml","title":{"rendered":"Fortifying Leave-in Conditioner Castor &#8211; 350ml"},"content":{"rendered":"<p>The Levia Fortifying Leave-in Conditioner contains Argan oil and Castor oil. It was developed topenetrate every capillary follicleand provide the hair withinstanthydration, while protecting it from external damage.<br \/>\nRich in nutrients, Argan oil is renowned worldwide for its strengthening and soothing properties due to polyphenols and antioxidant squalene, while Castor oil is rich in fatty acids and in omega 6 and 9.<br \/>\nCastor oilenhances blood circulation in the capillary follicles, thereby promoting faster growth of the hair.It also smooths the scalp.<br \/>\nThis winning combination brings perfect hydration and total protection to hair that is naturally dry or damaged by dying, thermal heat, excess straightening iron.It also stimulates hair growth.This blend of Bio oils, essential elements and vitamins is easily absorbed andpenetrates deeplyinto the hair; It thus improves hair manageability and elasticity and provides it with shine, softness and vitality.<\/p>\n<p>INGREDIENTS : Aqua (water), Isopropyl Myristate, Cetearyl Alcohol, Peg 20 Stearate, Polyquaternium 11, Dimethicone, Glycerin, Fragrance, Polyquaternium 7, Sodium Benzoate, Propylene Glycol, Sodium Dehydroacetate, Lanolin, Cocodimonium Chloride, Lactic Acid, Aloe Barbadensis Leaf Extract, Ricinus Communis (castor) Seed Oil, Phenylpropanol, Benzoic Acid, Dehydroacetic Acid, Isopentyldiol, Sodium Lauroyl Lactylate, Sodium Pca, Sodium Lactate, Fructose, Glycine, Niacinamide, Urea, Inositol.<\/p>\n<p>RECOMMENTATIONS FOR USE : Instructions for use: Pour a generous amount into the palm of your hand, massage gently and style as desired. May be used over damp or dry hair. Do not rinse. VOLUME ml :350ml<\/p>\n<p>&nbsp;<\/p>\n","protected":false},"excerpt":{"rendered":"<p>Le soin \u00e9volution sans rin\u00e7age Levia \u00e0 l\u2019huile de Ricin pour les cheveux secs contient de l\u2019huile d&#8217;Argan et de l\u2019huile de Ricin. Il est con\u00e7u pour p\u00e9n\u00e9trer dans chaque follicule pileux et fournir une hydratation instantan\u00e9e au cheveu tout en le prot\u00e9geant des dommages externes.<br \/>\nL&#8217;huile d&#8217;Argan riche en nutriments est r\u00e9put\u00e9e dans le monde entier pour ses propri\u00e9t\u00e9s fortifiantes et apaisantes fournies par les polyph\u00e9nols et le squal\u00e8ne antioxydant, tandis que l&#8217;huile de ricin est riche en acides gras et om\u00e9gas 6 et 9.<br \/>\nL&#8217;huile de ricin am\u00e9liore la circulation sanguine des follicules pileux et favorise ainsi une croissance plus rapide du cheveu. Elle est \u00e9galement apaisante pour le cuir chevelu.<br \/>\nCette combinaison gagnante apporte une hydratation parfaite et une protection totale pour les cheveux naturellement secs ou endommag\u00e9s par la coloration, la chaleur thermique, l\u2019exc\u00e8s de fer \u00e0 lisser. Elle favorise \u00e9galement la croissance du cheveu. Ce m\u00e9lange d&#8217;huiles bio, d&#8217;\u00e9l\u00e9ments essentiels et de vitamines est facilement absorb\u00e9 et p\u00e9n\u00e8tre profond\u00e9ment dans les cheveux ; Il am\u00e9liore ainsi la maniabilit\u00e9 et l&#8217;\u00e9lasticit\u00e9 des cheveux et leur apporte brillance, douceur et vitalit\u00e9.<\/p>\n","protected":false},"featured_media":822,"comment_status":"open","ping_status":"closed","template":"","meta":[],"product_cat":[131],"product_tag":[],"class_list":{"0":"post-773","1":"product","2":"type-product","3":"status-publish","4":"has-post-thumbnail","6":"product_cat-ricin","8":"first","9":"instock","10":"shipping-taxable","11":"purchasable","12":"product-type-simple"},"_links":{"self":[{"href":"https:\/\/www.levia-paris.fr\/index.php?rest_route=\/wp\/v2\/product\/773","targetHints":{"allow":["GET"]}}],"collection":[{"href":"https:\/\/www.levia-paris.fr\/index.php?rest_route=\/wp\/v2\/product"}],"about":[{"href":"https:\/\/www.levia-paris.fr\/index.php?rest_route=\/wp\/v2\/types\/product"}],"replies":[{"embeddable":true,"href":"https:\/\/www.levia-paris.fr\/index.php?rest_route=%2Fwp%2Fv2%2Fcomments&post=773"}],"version-history":[{"count":2,"href":"https:\/\/www.levia-paris.fr\/index.php?rest_route=\/wp\/v2\/product\/773\/revisions"}],"predecessor-version":[{"id":1272,"href":"https:\/\/www.levia-paris.fr\/index.php?rest_route=\/wp\/v2\/product\/773\/revisions\/1272"}],"wp:featuredmedia":[{"embeddable":true,"href":"https:\/\/www.levia-paris.fr\/index.php?rest_route=\/wp\/v2\/media\/822"}],"wp:attachment":[{"href":"https:\/\/www.levia-paris.fr\/index.php?rest_route=%2Fwp%2Fv2%2Fmedia&parent=773"}],"wp:term":[{"taxonomy":"product_cat","embeddable":true,"href":"https:\/\/www.levia-paris.fr\/index.php?rest_route=%2Fwp%2Fv2%2Fproduct_cat&post=773"},{"taxonomy":"product_tag","embeddable":true,"href":"https:\/\/www.levia-paris.fr\/index.php?rest_route=%2Fwp%2Fv2%2Fproduct_tag&post=773"}],"curies":[{"name":"wp","href":"https:\/\/api.w.org\/{rel}","templated":true}]}}