{"id":774,"date":"2022-02-06T16:38:55","date_gmt":"2022-02-06T16:38:55","guid":{"rendered":"https:\/\/www.levia-paris.fr\/?product=smoothing-shampoo-silk-protein-500ml"},"modified":"2022-02-14T11:45:39","modified_gmt":"2022-02-14T11:45:39","slug":"smoothing-shampoo-silk-protein-500ml","status":"publish","type":"product","link":"https:\/\/www.levia-paris.fr\/?product=smoothing-shampoo-silk-protein-500ml","title":{"rendered":"Smoothing Shampoo Silk Protein &#8211; 500ml"},"content":{"rendered":"<p>The Levia Smoothing Shampoo is enriched with precious organic oils thatrepairand treat the driest, dullest hairs.<br \/>\nIt is a perfect means to gently cleanse hair while maintaining hydration, by providing optimal nutrition Thanks to its unique formula, rich in Argan oil and Silk protein, your hair is perfectly nourished and hydrated.<\/p>\n<p>INGREDIENTS : Aqua (water), Sodium C14-16 Olefin Sulfonate, Glycerin, Cocamidopropyl Betaine, Decyl Glucoside, Ricinus Communis (castor) Seed Oil, Argania Spinosa Kernel Oil, Hydrolyzed Silk Protein, Parfum, Polyquaternium-10, Lactic Acid, Benzyl Alcohol, Peg-150 Distearate, Polyquaternium-7, Caprylyl Glycol, Sodium Hydroxide, Ethylhexylglycerin, Sodium Benzoate, Sodium Acetate, Sodium Chloride, Tocopherol.<\/p>\n<p>RECOMMENTATIONS FOR USE : Instructions for use: Wet your hair thoroughly, massage the scalp gently, lather and rinse well.<\/p>\n","protected":false},"excerpt":{"rendered":"<p>Le shampooing revitalisant \u00e0 la prot\u00e9ine de Soie Levia est enrichi avec de pr\u00e9cieuses huiles organiques qui r\u00e9parent et traitent les cheveux les plus secs et ternes.<br \/>\nC\u2019est un moyen parfait pour nettoyer d\u00e9licatement les cheveux tout en maintenant leur taux d\u2019hydratation en fournissant une nutrition optimale. Gr\u00e2ce \u00e0 sa formule unique, riche en huile d\u2019Argan et en prot\u00e9ine de Soie, vos cheveux sont parfaitement nourris et hydrat\u00e9s.<\/p>\n","protected":false},"featured_media":812,"comment_status":"open","ping_status":"closed","template":"","meta":[],"product_cat":[132],"product_tag":[],"class_list":{"0":"post-774","1":"product","2":"type-product","3":"status-publish","4":"has-post-thumbnail","6":"product_cat-proteine-de-soie","8":"first","9":"instock","10":"shipping-taxable","11":"purchasable","12":"product-type-simple"},"_links":{"self":[{"href":"https:\/\/www.levia-paris.fr\/index.php?rest_route=\/wp\/v2\/product\/774","targetHints":{"allow":["GET"]}}],"collection":[{"href":"https:\/\/www.levia-paris.fr\/index.php?rest_route=\/wp\/v2\/product"}],"about":[{"href":"https:\/\/www.levia-paris.fr\/index.php?rest_route=\/wp\/v2\/types\/product"}],"replies":[{"embeddable":true,"href":"https:\/\/www.levia-paris.fr\/index.php?rest_route=%2Fwp%2Fv2%2Fcomments&post=774"}],"version-history":[{"count":2,"href":"https:\/\/www.levia-paris.fr\/index.php?rest_route=\/wp\/v2\/product\/774\/revisions"}],"predecessor-version":[{"id":1271,"href":"https:\/\/www.levia-paris.fr\/index.php?rest_route=\/wp\/v2\/product\/774\/revisions\/1271"}],"wp:featuredmedia":[{"embeddable":true,"href":"https:\/\/www.levia-paris.fr\/index.php?rest_route=\/wp\/v2\/media\/812"}],"wp:attachment":[{"href":"https:\/\/www.levia-paris.fr\/index.php?rest_route=%2Fwp%2Fv2%2Fmedia&parent=774"}],"wp:term":[{"taxonomy":"product_cat","embeddable":true,"href":"https:\/\/www.levia-paris.fr\/index.php?rest_route=%2Fwp%2Fv2%2Fproduct_cat&post=774"},{"taxonomy":"product_tag","embeddable":true,"href":"https:\/\/www.levia-paris.fr\/index.php?rest_route=%2Fwp%2Fv2%2Fproduct_tag&post=774"}],"curies":[{"name":"wp","href":"https:\/\/api.w.org\/{rel}","templated":true}]}}