{"id":775,"date":"2022-02-06T16:38:56","date_gmt":"2022-02-06T16:38:56","guid":{"rendered":"https:\/\/www.levia-paris.fr\/?product=smoothing-hair-masque-silk-protein-500ml"},"modified":"2022-02-14T11:39:17","modified_gmt":"2022-02-14T11:39:17","slug":"smoothing-hair-masque-silk-protein-500ml","status":"publish","type":"product","link":"https:\/\/www.levia-paris.fr\/?product=smoothing-hair-masque-silk-protein-500ml","title":{"rendered":"Smoothing Hair Masque Silk Protein &#8211; 500ml"},"content":{"rendered":"<p>The Levia Smoothing Hair Masque is infused with Bio Argan oil that hydrates and nourishes the hair with invaluable vitamins and minerals.<br \/>\nThis mask strengthens the hair, improves its texture and fights against breakage and the appearance of split ends.<br \/>\nFrom the first use, your hair will be softer, shiny and easier to comb.<\/p>\n<p>INGREDIENTS : Aqua (water),cetyl Alcohol, Stearyl Alcohol, Stearamidopropyl Dimethylamine, Glycerin, Isopropyl Myristate, Behentrimonium Chloride, Cetrimonium Chloride, Amodimethicone, Cetyl Stearate, Cetyl Palmitate, Dimethicone, Hydrolyzed Soy Protein, Rice Amino Acids, Hydrolyzed Adansonia Digitata Seed Extract, Proline, Hydrolyzed Silk Protein, Argania Spinosa Kernel Oil, Fragrance, Quaternium-80, Isopropyl Alcohol, Benzyl Alcohol, Polyquaternium-10, Cetyl Myristate, Trideceth-12, Caprylyl Glycol, Ethylhexylglycerin, Propylene Glycol , Sodium Benzoate, Lactic Acid, Sodium Acetate, Sodium Chloride, Tocopherol.<\/p>\n<p>RECOMMENTATIONS FOR USE : Instructions for use: Apply the mask to damp hair, over the length and the ends. Wait 5 minutes and rinse thoroughly with water. Can be used up to 3 times a week.<\/p>\n<p>&nbsp;<\/p>\n","protected":false},"excerpt":{"rendered":"<p>Le masque fortifiant \u00e0 la prot\u00e9ine de Soie Levia est infus\u00e9 avec de l\u2019huile d\u2019Argan Bio qui hydrate et nourrit les cheveux avec des vitamines et des min\u00e9raux incomparables.<br \/>\nCe masque fortifie le cheveu, am\u00e9liore sa texture et lutte contre la casse et l\u2019apparence des fourches.<br \/>\nD\u00e8s la premi\u00e8re utilisation, vos cheveux seront plus doux, brillants et faciles \u00e0 coiffer.<\/p>\n","protected":false},"featured_media":811,"comment_status":"open","ping_status":"closed","template":"","meta":[],"product_cat":[132],"product_tag":[],"class_list":{"0":"post-775","1":"product","2":"type-product","3":"status-publish","4":"has-post-thumbnail","6":"product_cat-proteine-de-soie","8":"first","9":"instock","10":"shipping-taxable","11":"purchasable","12":"product-type-simple"},"_links":{"self":[{"href":"https:\/\/www.levia-paris.fr\/index.php?rest_route=\/wp\/v2\/product\/775","targetHints":{"allow":["GET"]}}],"collection":[{"href":"https:\/\/www.levia-paris.fr\/index.php?rest_route=\/wp\/v2\/product"}],"about":[{"href":"https:\/\/www.levia-paris.fr\/index.php?rest_route=\/wp\/v2\/types\/product"}],"replies":[{"embeddable":true,"href":"https:\/\/www.levia-paris.fr\/index.php?rest_route=%2Fwp%2Fv2%2Fcomments&post=775"}],"version-history":[{"count":2,"href":"https:\/\/www.levia-paris.fr\/index.php?rest_route=\/wp\/v2\/product\/775\/revisions"}],"predecessor-version":[{"id":1250,"href":"https:\/\/www.levia-paris.fr\/index.php?rest_route=\/wp\/v2\/product\/775\/revisions\/1250"}],"wp:featuredmedia":[{"embeddable":true,"href":"https:\/\/www.levia-paris.fr\/index.php?rest_route=\/wp\/v2\/media\/811"}],"wp:attachment":[{"href":"https:\/\/www.levia-paris.fr\/index.php?rest_route=%2Fwp%2Fv2%2Fmedia&parent=775"}],"wp:term":[{"taxonomy":"product_cat","embeddable":true,"href":"https:\/\/www.levia-paris.fr\/index.php?rest_route=%2Fwp%2Fv2%2Fproduct_cat&post=775"},{"taxonomy":"product_tag","embeddable":true,"href":"https:\/\/www.levia-paris.fr\/index.php?rest_route=%2Fwp%2Fv2%2Fproduct_tag&post=775"}],"curies":[{"name":"wp","href":"https:\/\/api.w.org\/{rel}","templated":true}]}}