{"id":776,"date":"2022-02-06T16:38:56","date_gmt":"2022-02-06T16:38:56","guid":{"rendered":"https:\/\/www.levia-paris.fr\/?product=smoothing-hair-serum-silk-protein-100ml"},"modified":"2022-02-14T11:38:41","modified_gmt":"2022-02-14T11:38:41","slug":"smoothing-hair-serum-silk-protein-100ml","status":"publish","type":"product","link":"https:\/\/www.levia-paris.fr\/?product=smoothing-hair-serum-silk-protein-100ml","title":{"rendered":"Smoothing Hair Serum Silk Protein &#8211; 100ml"},"content":{"rendered":"<p>The Levia Smoothing Hair Serum was developed to be the ultimate hair product to fight frizz, thereby controlling the most rebellious hair. It provides long-term protection against external environmental damage, improves the hair texture and fights breakage. Your hair is visibly smoother and healthier.<\/p>\n<p>INGREDIENTS : Cyclopentasiloxane, Dimethicone, Fragrance, Hydrolyzed Silk Protein, Hydrolyzed Keratin, Aloe Barbadensis Leaf Extract, Argania Spinosa Kernel Oil, Hippophae Rhamnoides (sea Buckthorn) Oil, Macadamia Ternifolia Seed Oil, Simmondsia Chinensis (jojoba) Seed Oil, Linum Usitatissimum (linseed) Oil, Tocopheryl Acetate, Panthenol, Phenyl Trimethicone.<\/p>\n<p>RECOMMENTATIONS FOR USE : Instructions for use: Apply a small amount of serum to damp or dry hair. Spread well from the mid-length of the hair down, especially onto the ends. Blow dry, style and brush your hair as desired.<\/p>\n<p>&nbsp;<\/p>\n","protected":false},"excerpt":{"rendered":"<p>Le s\u00e9rum \u00e0 la prot\u00e9ine de Soie Levia est con\u00e7u pour \u00eatre le produit capillaire ultime pour lutter contre les frisottis tout en disciplinant les cheveux les plus rebelles. Il offre une protection longue dur\u00e9e contre les dommages externes environnementaux, am\u00e9liore la texture du cheveu et lutte contre la casse. Vos cheveux sont visiblement plus lisses et \u00e9clatants de sant\u00e9.<\/p>\n","protected":false},"featured_media":807,"comment_status":"open","ping_status":"closed","template":"","meta":[],"product_cat":[132],"product_tag":[],"class_list":{"0":"post-776","1":"product","2":"type-product","3":"status-publish","4":"has-post-thumbnail","6":"product_cat-proteine-de-soie","8":"first","9":"instock","10":"shipping-taxable","11":"purchasable","12":"product-type-simple"},"_links":{"self":[{"href":"https:\/\/www.levia-paris.fr\/index.php?rest_route=\/wp\/v2\/product\/776","targetHints":{"allow":["GET"]}}],"collection":[{"href":"https:\/\/www.levia-paris.fr\/index.php?rest_route=\/wp\/v2\/product"}],"about":[{"href":"https:\/\/www.levia-paris.fr\/index.php?rest_route=\/wp\/v2\/types\/product"}],"replies":[{"embeddable":true,"href":"https:\/\/www.levia-paris.fr\/index.php?rest_route=%2Fwp%2Fv2%2Fcomments&post=776"}],"version-history":[{"count":1,"href":"https:\/\/www.levia-paris.fr\/index.php?rest_route=\/wp\/v2\/product\/776\/revisions"}],"predecessor-version":[{"id":1248,"href":"https:\/\/www.levia-paris.fr\/index.php?rest_route=\/wp\/v2\/product\/776\/revisions\/1248"}],"wp:featuredmedia":[{"embeddable":true,"href":"https:\/\/www.levia-paris.fr\/index.php?rest_route=\/wp\/v2\/media\/807"}],"wp:attachment":[{"href":"https:\/\/www.levia-paris.fr\/index.php?rest_route=%2Fwp%2Fv2%2Fmedia&parent=776"}],"wp:term":[{"taxonomy":"product_cat","embeddable":true,"href":"https:\/\/www.levia-paris.fr\/index.php?rest_route=%2Fwp%2Fv2%2Fproduct_cat&post=776"},{"taxonomy":"product_tag","embeddable":true,"href":"https:\/\/www.levia-paris.fr\/index.php?rest_route=%2Fwp%2Fv2%2Fproduct_tag&post=776"}],"curies":[{"name":"wp","href":"https:\/\/api.w.org\/{rel}","templated":true}]}}