{"id":778,"date":"2022-02-06T16:38:56","date_gmt":"2022-02-06T16:38:56","guid":{"rendered":"https:\/\/www.levia-paris.fr\/?product=reinforce-hair-masque-prickly-pear-500ml"},"modified":"2022-02-14T11:39:41","modified_gmt":"2022-02-14T11:39:41","slug":"reinforce-hair-masque-prickly-pear-500ml","status":"publish","type":"product","link":"https:\/\/www.levia-paris.fr\/?product=reinforce-hair-masque-prickly-pear-500ml","title":{"rendered":"Reinforce Hair Masque Prickly Pear &#8211; 500ml"},"content":{"rendered":"<p>Constantly exposed to environmental aggressions, your hair deserves the premium care of the Levia Prickly Pear Mask. It is an exceptional revitalizing treatment, designed to maximize hydration, strength and radiant shine to your hair. Prickly pear seed oil is rare and highly prized for its quality and nourishing antioxidant powers. Combined with vegetable Argan oil, this mask provides very deep care the driest and most damaged hair with very deep care. A gentle but intensive therapy for your hair and scalp.<\/p>\n<p><!--more--><\/p>\n<p>INGREDIENTS : Aqua (water),cetyl Alcohol, Stearyl Alcohol, Stearamidopropyl Dimethylamine, Glycerin, Isopropyl Myristate, Behentrimonium Chloride, Cetrimonium Chloride, Amodimethicone, Cetyl Stearate, Cetyl Palmitate, Dimethicone, Hydrolyzed Soy Protein, Rice Amino Acids, Hydrolyzed Adansonia Digitata Seed Extract, Proline, Opuntia Vulgaris Extract, Argania Spinosa Kernel Oil, Fragrance, Quaternium-80, Isopropyl Alcohol, Benzyl Alcohol, Polyquaternium-10, Cetyl Myristate, Trideceth-12, Caprylyl Glycol, Ethylhexylglycerin, Propylene Glycol , Sodium Benzoate, Lactic Acid, Sodium Acetate, Sodium Chloride, Tocopherol.<\/p>\n<p>RECOMMENTATIONS FOR USE : Instructions for use: Apply the mask to damp hair, over the length and the ends. Wait 5 minutes and rinse thoroughly with water. Can be used up to 3 times a week.<\/p>\n<p>&nbsp;<\/p>\n","protected":false},"excerpt":{"rendered":"<p>Constamment expos\u00e9s aux agressions de l\u2019environnement, vos cheveux m\u00e9ritent les soins premium du masque Levia \u00e0 la Figue de Barbarie. C\u2019est un soin revitalisant hors pair con\u00e7u pour maximiser l\u2019hydratation, la force et la brillance \u00e9clatante de vos cheveux. L&#8217;huile de p\u00e9pins de Figue de Barbarie est rare et tr\u00e8s pris\u00e9e pour sa qualit\u00e9 et ses pouvoirs antioxydants nourrissants. Combin\u00e9 avec de l&#8217;huile d&#8217;Argan v\u00e9g\u00e9tale, ce masque offre un soin tr\u00e8s profond aux cheveux les plus secs et abim\u00e9s. Une th\u00e9rapie douce mais intensive pour vos cheveux et votre cuir chevelu.<\/p>\n","protected":false},"featured_media":802,"comment_status":"open","ping_status":"closed","template":"","meta":[],"product_cat":[133],"product_tag":[],"class_list":{"0":"post-778","1":"product","2":"type-product","3":"status-publish","4":"has-post-thumbnail","6":"product_cat-figue-de-barbarie","8":"first","9":"instock","10":"shipping-taxable","11":"purchasable","12":"product-type-simple"},"_links":{"self":[{"href":"https:\/\/www.levia-paris.fr\/index.php?rest_route=\/wp\/v2\/product\/778","targetHints":{"allow":["GET"]}}],"collection":[{"href":"https:\/\/www.levia-paris.fr\/index.php?rest_route=\/wp\/v2\/product"}],"about":[{"href":"https:\/\/www.levia-paris.fr\/index.php?rest_route=\/wp\/v2\/types\/product"}],"replies":[{"embeddable":true,"href":"https:\/\/www.levia-paris.fr\/index.php?rest_route=%2Fwp%2Fv2%2Fcomments&post=778"}],"version-history":[{"count":2,"href":"https:\/\/www.levia-paris.fr\/index.php?rest_route=\/wp\/v2\/product\/778\/revisions"}],"predecessor-version":[{"id":1251,"href":"https:\/\/www.levia-paris.fr\/index.php?rest_route=\/wp\/v2\/product\/778\/revisions\/1251"}],"wp:featuredmedia":[{"embeddable":true,"href":"https:\/\/www.levia-paris.fr\/index.php?rest_route=\/wp\/v2\/media\/802"}],"wp:attachment":[{"href":"https:\/\/www.levia-paris.fr\/index.php?rest_route=%2Fwp%2Fv2%2Fmedia&parent=778"}],"wp:term":[{"taxonomy":"product_cat","embeddable":true,"href":"https:\/\/www.levia-paris.fr\/index.php?rest_route=%2Fwp%2Fv2%2Fproduct_cat&post=778"},{"taxonomy":"product_tag","embeddable":true,"href":"https:\/\/www.levia-paris.fr\/index.php?rest_route=%2Fwp%2Fv2%2Fproduct_tag&post=778"}],"curies":[{"name":"wp","href":"https:\/\/api.w.org\/{rel}","templated":true}]}}